{"id":38,"date":"2025-09-05T16:13:49","date_gmt":"2025-09-05T13:13:49","guid":{"rendered":"https:\/\/blocksmith.luuptek.fi\/hotelli-demo\/?page_id=38"},"modified":"2025-09-06T11:03:52","modified_gmt":"2025-09-06T08:03:52","slug":"huoneet","status":"publish","type":"page","link":"https:\/\/blocksmith.luuptek.fi\/hotelli-demo\/huoneet\/","title":{"rendered":"Huoneet"},"content":{"rendered":"\n<div class=\"wp-block-group alignfull has-global-padding is-layout-constrained wp-block-group-is-layout-constrained\" style=\"margin-top:0;margin-bottom:var(--wp--preset--spacing--80)\">\n<div class=\"wp-block-cover alignfull\"><img loading=\"lazy\" decoding=\"async\" width=\"1024\" height=\"683\" class=\"wp-block-cover__image-background wp-image-20 size-large\" alt=\"\" src=\"https:\/\/blocksmith.luuptek.fi\/hotelli-demo\/wp-content\/uploads\/sites\/4\/2025\/09\/huone1-1024x683.webp\" data-object-fit=\"cover\" srcset=\"https:\/\/blocksmith.luuptek.fi\/hotelli-demo\/wp-content\/uploads\/sites\/4\/2025\/09\/huone1-1024x683.webp 1024w, https:\/\/blocksmith.luuptek.fi\/hotelli-demo\/wp-content\/uploads\/sites\/4\/2025\/09\/huone1-300x200.webp 300w, https:\/\/blocksmith.luuptek.fi\/hotelli-demo\/wp-content\/uploads\/sites\/4\/2025\/09\/huone1-768x512.webp 768w, https:\/\/blocksmith.luuptek.fi\/hotelli-demo\/wp-content\/uploads\/sites\/4\/2025\/09\/huone1-1536x1024.webp 1536w, https:\/\/blocksmith.luuptek.fi\/hotelli-demo\/wp-content\/uploads\/sites\/4\/2025\/09\/huone1.webp 1920w\" sizes=\"auto, (max-width: 1024px) 100vw, 1024px\" \/><span aria-hidden=\"true\" class=\"wp-block-cover__background has-contrast-background-color has-background-dim\"><\/span><div class=\"wp-block-cover__inner-container is-layout-flow wp-block-cover-is-layout-flow\">\n<h1 class=\"wp-block-heading has-text-align-center has-base-color has-text-color has-4-x-large-font-size\">Huoneemme<\/h1>\n<\/div><\/div>\n<\/div>\n\n\n\n<div class=\"wp-block-group alignwide has-global-padding is-layout-constrained wp-block-group-is-layout-constrained\" style=\"margin-bottom:var(--wp--preset--spacing--80)\">\n<div class=\"wp-block-columns alignwide is-layout-flex wp-container-core-columns-is-layout-28f84493 wp-block-columns-is-layout-flex\">\n<div class=\"wp-block-column is-layout-flow wp-block-column-is-layout-flow\">\n<h2 class=\"wp-block-heading\">Tutustu huoneisiimme<\/h2>\n<\/div>\n\n\n\n<div class=\"wp-block-column is-layout-flow wp-block-column-is-layout-flow\">\n<p class=\"is-style-ingress\">Hotellimme huoneet on suunniteltu yhdist\u00e4m\u00e4\u00e4n mukavuus, tyyli ja rauhallinen tunnelma. Olitpa matkalla ty\u00f6n tai loman merkeiss\u00e4, l\u00f6yd\u00e4t meilt\u00e4 sopivan vaihtoehdon \u2013 klassisesta huoneesta aina tilavaan sviittiin asti.<\/p>\n<\/div>\n<\/div>\n<\/div>\n\n\n\n<div class=\"wp-block-group alignwide has-base-background-color has-background has-global-padding is-content-justification-center is-layout-constrained wp-block-group-is-layout-constrained\" style=\"border-radius:10px;margin-top:var(--wp--preset--spacing--50);margin-bottom:var(--wp--preset--spacing--50);padding-bottom:var(--wp--preset--spacing--50)\">\n<div class=\"wp-block-group alignwide has-global-padding is-layout-constrained wp-block-group-is-layout-constrained\">\n<div class=\"wp-block-group alignwide has-global-padding is-layout-constrained wp-container-core-group-is-layout-92b9201d wp-block-group-is-layout-constrained\">\n<div class=\"wp-block-group alignwide has-global-padding is-layout-constrained wp-block-group-is-layout-constrained\">\n<figure class=\"wp-block-image alignfull size-large\"><img loading=\"lazy\" decoding=\"async\" width=\"1024\" height=\"683\" src=\"https:\/\/blocksmith.luuptek.fi\/hotelli-demo\/wp-content\/uploads\/sites\/4\/2025\/09\/huone3-1024x683.webp\" alt=\"\" class=\"wp-image-22\" srcset=\"https:\/\/blocksmith.luuptek.fi\/hotelli-demo\/wp-content\/uploads\/sites\/4\/2025\/09\/huone3-1024x683.webp 1024w, https:\/\/blocksmith.luuptek.fi\/hotelli-demo\/wp-content\/uploads\/sites\/4\/2025\/09\/huone3-300x200.webp 300w, https:\/\/blocksmith.luuptek.fi\/hotelli-demo\/wp-content\/uploads\/sites\/4\/2025\/09\/huone3-768x512.webp 768w, https:\/\/blocksmith.luuptek.fi\/hotelli-demo\/wp-content\/uploads\/sites\/4\/2025\/09\/huone3-1536x1024.webp 1536w, https:\/\/blocksmith.luuptek.fi\/hotelli-demo\/wp-content\/uploads\/sites\/4\/2025\/09\/huone3.webp 1920w\" sizes=\"auto, (max-width: 1024px) 100vw, 1024px\" \/><\/figure>\n<\/div>\n\n\n\n<div class=\"wp-block-group is-layout-grid wp-container-core-group-is-layout-2b54756c wp-block-group-is-layout-grid\" style=\"margin-top:var(--wp--preset--spacing--50)\">\n<div class=\"wp-block-group has-global-padding is-layout-constrained wp-block-group-is-layout-constrained\">\n<h1 class=\"wp-block-heading has-3-x-large-font-size\">Standard-huone<\/h1>\n\n\n\n<p>Standard-huone tarjoaa viihtyis\u00e4n ja edullisen majoitusvaihtoehdon. Huoneesta l\u00f6ytyy kaikki mukavuudet mukavaa oleskelua varten \u2013 mukava vuode, oma kylpyhuone ja modernit perusvarusteet. Sopii erinomaisesti lyhyisiin majoituksiin tai ty\u00f6matkoille.<\/p>\n\n\n\n<div class=\"wp-block-buttons is-layout-flex wp-block-buttons-is-layout-flex\">\n<div class=\"wp-block-button\"><a class=\"wp-block-button__link wp-element-button\">Varaa huone<\/a><\/div>\n<\/div>\n<\/div>\n\n\n\n<div class=\"wp-block-group has-global-padding is-layout-constrained wp-block-group-is-layout-constrained\">\n<div class=\"wp-block-group is-horizontal is-layout-flex wp-block-group-is-layout-flex\">\n<div class=\"wp-block-group has-base-color has-contrast-3-background-color has-text-color has-background has-link-color wp-elements-827b8076ff8fc662b5de77c7e633dfd4 has-global-padding is-layout-constrained wp-container-core-group-is-layout-c385debf wp-block-group-is-layout-constrained\" style=\"padding-top:var(--wp--preset--spacing--20);padding-right:var(--wp--preset--spacing--20);padding-bottom:var(--wp--preset--spacing--20);padding-left:var(--wp--preset--spacing--20);font-style:normal;font-weight:700\">\n<h2 class=\"wp-block-heading has-medium-font-size\">Huoneen varustelu<\/h2>\n<\/div>\n<\/div>\n\n\n\n<div class=\"wp-block-group has-accent-2-background-color has-background has-global-padding is-layout-constrained wp-container-core-group-is-layout-f3270549 wp-block-group-is-layout-constrained\" style=\"margin-top:0;padding-top:var(--wp--preset--spacing--20);padding-right:var(--wp--preset--spacing--20);padding-bottom:var(--wp--preset--spacing--20);padding-left:var(--wp--preset--spacing--20)\">\n<ul class=\"wp-block-list is-style-checkmark-list\">\n<li>Mukava paris\u00e4nky<\/li>\n\n\n\n<li>Oma kylpyhuone<\/li>\n\n\n\n<li>Ilmainen Wi-Fi<\/li>\n\n\n\n<li>Ty\u00f6p\u00f6yt\u00e4 ja tuoli<\/li>\n\n\n\n<li>Televisio<\/li>\n<\/ul>\n<\/div>\n<\/div>\n<\/div>\n<\/div>\n<\/div>\n<\/div>\n\n\n\n<div class=\"wp-block-group alignwide has-base-background-color has-background has-global-padding is-content-justification-center is-layout-constrained wp-block-group-is-layout-constrained\" style=\"border-radius:10px;margin-top:var(--wp--preset--spacing--50);margin-bottom:var(--wp--preset--spacing--50);padding-bottom:var(--wp--preset--spacing--50)\">\n<div class=\"wp-block-group alignwide has-global-padding is-layout-constrained wp-block-group-is-layout-constrained\">\n<div class=\"wp-block-group alignwide has-global-padding is-layout-constrained wp-container-core-group-is-layout-92b9201d wp-block-group-is-layout-constrained\">\n<div class=\"wp-block-group alignwide has-global-padding is-layout-constrained wp-block-group-is-layout-constrained\">\n<figure class=\"wp-block-image alignfull size-large\"><img loading=\"lazy\" decoding=\"async\" width=\"1024\" height=\"676\" src=\"https:\/\/blocksmith.luuptek.fi\/hotelli-demo\/wp-content\/uploads\/sites\/4\/2025\/09\/sanky-1024x676.webp\" alt=\"\" class=\"wp-image-25\" srcset=\"https:\/\/blocksmith.luuptek.fi\/hotelli-demo\/wp-content\/uploads\/sites\/4\/2025\/09\/sanky-1024x676.webp 1024w, https:\/\/blocksmith.luuptek.fi\/hotelli-demo\/wp-content\/uploads\/sites\/4\/2025\/09\/sanky-300x198.webp 300w, https:\/\/blocksmith.luuptek.fi\/hotelli-demo\/wp-content\/uploads\/sites\/4\/2025\/09\/sanky-768x507.webp 768w, https:\/\/blocksmith.luuptek.fi\/hotelli-demo\/wp-content\/uploads\/sites\/4\/2025\/09\/sanky-1536x1014.webp 1536w, https:\/\/blocksmith.luuptek.fi\/hotelli-demo\/wp-content\/uploads\/sites\/4\/2025\/09\/sanky.webp 1920w\" sizes=\"auto, (max-width: 1024px) 100vw, 1024px\" \/><\/figure>\n<\/div>\n\n\n\n<div class=\"wp-block-group is-layout-grid wp-container-core-group-is-layout-2b54756c wp-block-group-is-layout-grid\" style=\"margin-top:var(--wp--preset--spacing--50)\">\n<div class=\"wp-block-group has-global-padding is-layout-constrained wp-block-group-is-layout-constrained\">\n<h1 class=\"wp-block-heading has-3-x-large-font-size\">Deluxe-huone<\/h1>\n\n\n\n<p>Deluxe-huone tarjoaa tilavuutta ja ripauksen luksusta. Suurempi oleskelualue, laadukkaat kalusteet ja lis\u00e4mukavuudet tekev\u00e4t t\u00e4st\u00e4 t\u00e4ydellisen valinnan pidemp\u00e4\u00e4n majoittumiseen tai hemmottelulomalle. Huoneesta avautuu my\u00f6s upea n\u00e4kym\u00e4 hotellin ymp\u00e4rist\u00f6\u00f6n.<\/p>\n\n\n\n<div class=\"wp-block-buttons is-layout-flex wp-block-buttons-is-layout-flex\">\n<div class=\"wp-block-button\"><a class=\"wp-block-button__link wp-element-button\">Varaa huone<\/a><\/div>\n<\/div>\n<\/div>\n\n\n\n<div class=\"wp-block-group has-global-padding is-layout-constrained wp-block-group-is-layout-constrained\">\n<div class=\"wp-block-group is-horizontal is-layout-flex wp-block-group-is-layout-flex\">\n<div class=\"wp-block-group has-base-color has-contrast-3-background-color has-text-color has-background has-link-color wp-elements-827b8076ff8fc662b5de77c7e633dfd4 has-global-padding is-layout-constrained wp-container-core-group-is-layout-c385debf wp-block-group-is-layout-constrained\" style=\"padding-top:var(--wp--preset--spacing--20);padding-right:var(--wp--preset--spacing--20);padding-bottom:var(--wp--preset--spacing--20);padding-left:var(--wp--preset--spacing--20);font-style:normal;font-weight:700\">\n<h2 class=\"wp-block-heading has-medium-font-size\">Huoneen varustelu<\/h2>\n<\/div>\n<\/div>\n\n\n\n<div class=\"wp-block-group has-accent-2-background-color has-background has-global-padding is-layout-constrained wp-container-core-group-is-layout-f3270549 wp-block-group-is-layout-constrained\" style=\"margin-top:0;padding-top:var(--wp--preset--spacing--20);padding-right:var(--wp--preset--spacing--20);padding-bottom:var(--wp--preset--spacing--20);padding-left:var(--wp--preset--spacing--20)\">\n<ul class=\"wp-block-list is-style-checkmark-list\">\n<li>Kingsize-vuode<\/li>\n\n\n\n<li>Tilava kylpyhuone<\/li>\n\n\n\n<li>Oleskelualue ja sohva<\/li>\n\n\n\n<li>Ilmainen Wi-Fi ja ty\u00f6p\u00f6yt\u00e4<\/li>\n\n\n\n<li>Minibaari ja kahvinkeitin<\/li>\n\n\n\n<li>N\u00e4k\u00f6ala hotellin puutarhaan<\/li>\n<\/ul>\n<\/div>\n<\/div>\n<\/div>\n<\/div>\n<\/div>\n<\/div>\n","protected":false},"excerpt":{"rendered":"<p>Tutustu huoneisiimme Hotellimme huoneet on suunniteltu yhdist\u00e4m\u00e4\u00e4n mukavuus, tyyli ja rauhallinen tunnelma. Olitpa matkalla ty\u00f6n tai loman merkeiss\u00e4, l\u00f6yd\u00e4t meilt\u00e4 sopivan vaihtoehdon \u2013 klassisesta huoneesta aina tilavaan sviittiin asti. Standard-huone Standard-huone tarjoaa viihtyis\u00e4n ja edullisen majoitusvaihtoehdon. Huoneesta l\u00f6ytyy kaikki mukavuudet mukavaa oleskelua varten \u2013 mukava vuode, oma kylpyhuone ja modernit perusvarusteet. Sopii erinomaisesti lyhyisiin majoituksiin&#8230;<\/p>\n","protected":false},"author":1,"featured_media":0,"parent":0,"menu_order":0,"comment_status":"closed","ping_status":"closed","template":"","meta":{"footnotes":""},"class_list":["post-38","page","type-page","status-publish","hentry"],"_links":{"self":[{"href":"https:\/\/blocksmith.luuptek.fi\/hotelli-demo\/wp-json\/wp\/v2\/pages\/38","targetHints":{"allow":["GET"]}}],"collection":[{"href":"https:\/\/blocksmith.luuptek.fi\/hotelli-demo\/wp-json\/wp\/v2\/pages"}],"about":[{"href":"https:\/\/blocksmith.luuptek.fi\/hotelli-demo\/wp-json\/wp\/v2\/types\/page"}],"author":[{"embeddable":true,"href":"https:\/\/blocksmith.luuptek.fi\/hotelli-demo\/wp-json\/wp\/v2\/users\/1"}],"replies":[{"embeddable":true,"href":"https:\/\/blocksmith.luuptek.fi\/hotelli-demo\/wp-json\/wp\/v2\/comments?post=38"}],"version-history":[{"count":5,"href":"https:\/\/blocksmith.luuptek.fi\/hotelli-demo\/wp-json\/wp\/v2\/pages\/38\/revisions"}],"predecessor-version":[{"id":45,"href":"https:\/\/blocksmith.luuptek.fi\/hotelli-demo\/wp-json\/wp\/v2\/pages\/38\/revisions\/45"}],"wp:attachment":[{"href":"https:\/\/blocksmith.luuptek.fi\/hotelli-demo\/wp-json\/wp\/v2\/media?parent=38"}],"curies":[{"name":"wp","href":"https:\/\/api.w.org\/{rel}","templated":true}]}}