{"id":46,"date":"2025-09-06T11:08:01","date_gmt":"2025-09-06T08:08:01","guid":{"rendered":"https:\/\/blocksmith.luuptek.fi\/hotelli-demo\/?page_id=46"},"modified":"2025-09-13T15:21:48","modified_gmt":"2025-09-13T12:21:48","slug":"palvelut","status":"publish","type":"page","link":"https:\/\/blocksmith.luuptek.fi\/hotelli-demo\/palvelut\/","title":{"rendered":"Palvelut"},"content":{"rendered":"\n<div class=\"wp-block-group alignfull has-global-padding is-layout-constrained wp-block-group-is-layout-constrained\">\n<div class=\"wp-block-cover alignfull\"><img loading=\"lazy\" decoding=\"async\" width=\"1024\" height=\"683\" class=\"wp-block-cover__image-background wp-image-20 size-large\" alt=\"\" src=\"https:\/\/blocksmith.luuptek.fi\/hotelli-demo\/wp-content\/uploads\/sites\/4\/2025\/09\/huone1-1024x683.webp\" data-object-fit=\"cover\" srcset=\"https:\/\/blocksmith.luuptek.fi\/hotelli-demo\/wp-content\/uploads\/sites\/4\/2025\/09\/huone1-1024x683.webp 1024w, https:\/\/blocksmith.luuptek.fi\/hotelli-demo\/wp-content\/uploads\/sites\/4\/2025\/09\/huone1-300x200.webp 300w, https:\/\/blocksmith.luuptek.fi\/hotelli-demo\/wp-content\/uploads\/sites\/4\/2025\/09\/huone1-768x512.webp 768w, https:\/\/blocksmith.luuptek.fi\/hotelli-demo\/wp-content\/uploads\/sites\/4\/2025\/09\/huone1-1536x1024.webp 1536w, https:\/\/blocksmith.luuptek.fi\/hotelli-demo\/wp-content\/uploads\/sites\/4\/2025\/09\/huone1.webp 1920w\" sizes=\"auto, (max-width: 1024px) 100vw, 1024px\" \/><span aria-hidden=\"true\" class=\"wp-block-cover__background has-contrast-background-color has-background-dim\"><\/span><div class=\"wp-block-cover__inner-container is-layout-flow wp-block-cover-is-layout-flow\">\n<h1 class=\"wp-block-heading has-text-align-center has-base-color has-text-color has-4-x-large-font-size\">Palvelumme<\/h1>\n<\/div><\/div>\n<\/div>\n\n\n\n<div class=\"wp-block-group alignwide has-global-padding is-layout-constrained wp-block-group-is-layout-constrained\">\n<div class=\"wp-block-group alignwide has-base-6-background-color has-background has-global-padding is-layout-constrained wp-block-group-is-layout-constrained\">\n<div class=\"wp-block-media-text alignwide has-media-on-the-right is-stacked-on-mobile is-image-fill-element has-base-background-color has-background\" style=\"border-radius:16px;margin-top:var(--wp--preset--spacing--50);margin-bottom:var(--wp--preset--spacing--50);padding-top:0;padding-bottom:0\"><div class=\"wp-block-media-text__content\">\n<div class=\"wp-block-group has-global-padding is-layout-constrained wp-block-group-is-layout-constrained\" style=\"padding-top:var(--wp--preset--spacing--30);padding-bottom:var(--wp--preset--spacing--30)\">\n<h2 class=\"wp-block-heading has-heading-font-family has-3-x-large-font-size\" style=\"margin-top:0;margin-bottom:var(--wp--preset--spacing--30)\">Ravintola &amp; aamiainen<\/h2>\n\n\n\n<p class=\"has-medium-font-size\" style=\"margin-top:0;margin-bottom:var(--wp--preset--spacing--40)\">Hotellimme ravintola tarjoaa l\u00e4hituotteista valmistettuja herkkuja ja runsaan aamiaisen jokaiselle vieraalle. Nautit ruoan raikkaasta mausta tunnelmallisessa ymp\u00e4rist\u00f6ss\u00e4.<\/p>\n<\/div>\n<\/div><figure class=\"wp-block-media-text__media\"><img loading=\"lazy\" decoding=\"async\" width=\"1024\" height=\"683\" src=\"https:\/\/blocksmith.luuptek.fi\/hotelli-demo\/wp-content\/uploads\/sites\/4\/2025\/09\/aamupala-1024x683.webp\" alt=\"\" class=\"wp-image-19 size-large\" style=\"object-position:50% 50%\" srcset=\"https:\/\/blocksmith.luuptek.fi\/hotelli-demo\/wp-content\/uploads\/sites\/4\/2025\/09\/aamupala-1024x683.webp 1024w, https:\/\/blocksmith.luuptek.fi\/hotelli-demo\/wp-content\/uploads\/sites\/4\/2025\/09\/aamupala-300x200.webp 300w, https:\/\/blocksmith.luuptek.fi\/hotelli-demo\/wp-content\/uploads\/sites\/4\/2025\/09\/aamupala-768x512.webp 768w, https:\/\/blocksmith.luuptek.fi\/hotelli-demo\/wp-content\/uploads\/sites\/4\/2025\/09\/aamupala-1536x1024.webp 1536w, https:\/\/blocksmith.luuptek.fi\/hotelli-demo\/wp-content\/uploads\/sites\/4\/2025\/09\/aamupala.webp 1920w\" sizes=\"auto, (max-width: 1024px) 100vw, 1024px\" \/><\/figure><\/div>\n<\/div>\n\n\n\n<div class=\"wp-block-group alignwide has-base-6-background-color has-background has-global-padding is-layout-constrained wp-block-group-is-layout-constrained\">\n<div class=\"wp-block-media-text alignwide is-stacked-on-mobile is-image-fill-element has-base-background-color has-background\" style=\"border-radius:16px;margin-top:var(--wp--preset--spacing--50);margin-bottom:var(--wp--preset--spacing--50);padding-top:0;padding-bottom:0\"><figure class=\"wp-block-media-text__media\"><img loading=\"lazy\" decoding=\"async\" width=\"1024\" height=\"684\" src=\"https:\/\/blocksmith.luuptek.fi\/hotelli-demo\/wp-content\/uploads\/sites\/4\/2025\/09\/sauna-1024x684.webp\" alt=\"\" class=\"wp-image-26 size-image_lift\" style=\"object-position:50% 50%\" srcset=\"https:\/\/blocksmith.luuptek.fi\/hotelli-demo\/wp-content\/uploads\/sites\/4\/2025\/09\/sauna-1024x684.webp 1024w, https:\/\/blocksmith.luuptek.fi\/hotelli-demo\/wp-content\/uploads\/sites\/4\/2025\/09\/sauna-300x200.webp 300w, https:\/\/blocksmith.luuptek.fi\/hotelli-demo\/wp-content\/uploads\/sites\/4\/2025\/09\/sauna-768x513.webp 768w, https:\/\/blocksmith.luuptek.fi\/hotelli-demo\/wp-content\/uploads\/sites\/4\/2025\/09\/sauna-1536x1026.webp 1536w, https:\/\/blocksmith.luuptek.fi\/hotelli-demo\/wp-content\/uploads\/sites\/4\/2025\/09\/sauna.webp 1920w\" sizes=\"auto, (max-width: 1024px) 100vw, 1024px\" \/><\/figure><div class=\"wp-block-media-text__content\">\n<div class=\"wp-block-group has-global-padding is-layout-constrained wp-block-group-is-layout-constrained\" style=\"padding-top:var(--wp--preset--spacing--30);padding-bottom:var(--wp--preset--spacing--30)\">\n<h2 class=\"wp-block-heading has-heading-font-family has-3-x-large-font-size\" style=\"margin-top:0;margin-bottom:var(--wp--preset--spacing--30)\">Spa &amp; hyvinvointi<\/h2>\n\n\n\n<p class=\"has-medium-font-size\" style=\"margin-top:0;margin-bottom:var(--wp--preset--spacing--40)\">Rentoudu hemmottelevissa hoidoissa, hieronnoissa ja saunoissa. Spa-osastomme tarjoaa t\u00e4ydellisen rauhan hetken arjen kiireiden keskell\u00e4.<\/p>\n<\/div>\n<\/div><\/div>\n<\/div>\n<\/div>\n\n\n\n<div class=\"wp-block-group alignwide has-global-padding is-layout-constrained wp-block-group-is-layout-constrained\">\n<div class=\"wp-block-group alignwide has-base-6-background-color has-background has-global-padding is-layout-constrained wp-block-group-is-layout-constrained\">\n<div class=\"wp-block-media-text alignwide has-media-on-the-right is-stacked-on-mobile is-image-fill-element has-base-background-color has-background\" style=\"border-radius:16px;margin-top:var(--wp--preset--spacing--50);margin-bottom:var(--wp--preset--spacing--50);padding-top:0;padding-bottom:0\"><div class=\"wp-block-media-text__content\">\n<div class=\"wp-block-group has-global-padding is-layout-constrained wp-block-group-is-layout-constrained\" style=\"padding-top:var(--wp--preset--spacing--30);padding-bottom:var(--wp--preset--spacing--30)\">\n<h2 class=\"wp-block-heading has-heading-font-family has-3-x-large-font-size\" style=\"margin-top:0;margin-bottom:var(--wp--preset--spacing--30)\">Kokoustilat<\/h2>\n\n\n\n<p class=\"has-medium-font-size\" style=\"margin-top:0;margin-bottom:var(--wp--preset--spacing--40)\">Hotellimme modernit kokoustilat tarjoavat t\u00e4ydelliset puitteet niin pienille palavereille kuin suuremmillekin tilaisuuksille. R\u00e4\u00e4t\u00e4l\u00f6it\u00e4v\u00e4t ratkaisut ja laadukas tekniikka takaavat onnistuneet tilaisuudet.<\/p>\n\n\n\n<div class=\"wp-block-buttons is-layout-flex wp-block-buttons-is-layout-flex\">\n<div class=\"wp-block-button\"><a class=\"wp-block-button__link wp-element-button\">Tutustu tiloihin<\/a><\/div>\n<\/div>\n<\/div>\n<\/div><figure class=\"wp-block-media-text__media\"><img loading=\"lazy\" decoding=\"async\" width=\"1024\" height=\"683\" src=\"https:\/\/blocksmith.luuptek.fi\/hotelli-demo\/wp-content\/uploads\/sites\/4\/2025\/09\/aamupala-1024x683.webp\" alt=\"\" class=\"wp-image-19 size-large\" style=\"object-position:50% 50%\" srcset=\"https:\/\/blocksmith.luuptek.fi\/hotelli-demo\/wp-content\/uploads\/sites\/4\/2025\/09\/aamupala-1024x683.webp 1024w, https:\/\/blocksmith.luuptek.fi\/hotelli-demo\/wp-content\/uploads\/sites\/4\/2025\/09\/aamupala-300x200.webp 300w, https:\/\/blocksmith.luuptek.fi\/hotelli-demo\/wp-content\/uploads\/sites\/4\/2025\/09\/aamupala-768x512.webp 768w, https:\/\/blocksmith.luuptek.fi\/hotelli-demo\/wp-content\/uploads\/sites\/4\/2025\/09\/aamupala-1536x1024.webp 1536w, https:\/\/blocksmith.luuptek.fi\/hotelli-demo\/wp-content\/uploads\/sites\/4\/2025\/09\/aamupala.webp 1920w\" sizes=\"auto, (max-width: 1024px) 100vw, 1024px\" \/><\/figure><\/div>\n<\/div>\n\n\n\n<div class=\"wp-block-group alignwide has-base-6-background-color has-background has-global-padding is-layout-constrained wp-block-group-is-layout-constrained\">\n<div class=\"wp-block-media-text alignwide is-stacked-on-mobile is-image-fill-element has-base-background-color has-background\" style=\"border-radius:16px;margin-top:var(--wp--preset--spacing--50);margin-bottom:var(--wp--preset--spacing--50);padding-top:0;padding-bottom:0\"><figure class=\"wp-block-media-text__media\"><img loading=\"lazy\" decoding=\"async\" width=\"1024\" height=\"681\" src=\"https:\/\/blocksmith.luuptek.fi\/hotelli-demo\/wp-content\/uploads\/sites\/4\/2025\/09\/uimaan-1024x681.webp\" alt=\"\" class=\"wp-image-27 size-image_lift\" style=\"object-position:50% 50%\" srcset=\"https:\/\/blocksmith.luuptek.fi\/hotelli-demo\/wp-content\/uploads\/sites\/4\/2025\/09\/uimaan-1024x681.webp 1024w, https:\/\/blocksmith.luuptek.fi\/hotelli-demo\/wp-content\/uploads\/sites\/4\/2025\/09\/uimaan-300x200.webp 300w, https:\/\/blocksmith.luuptek.fi\/hotelli-demo\/wp-content\/uploads\/sites\/4\/2025\/09\/uimaan-768x511.webp 768w, https:\/\/blocksmith.luuptek.fi\/hotelli-demo\/wp-content\/uploads\/sites\/4\/2025\/09\/uimaan-1536x1022.webp 1536w, https:\/\/blocksmith.luuptek.fi\/hotelli-demo\/wp-content\/uploads\/sites\/4\/2025\/09\/uimaan.webp 1920w\" sizes=\"auto, (max-width: 1024px) 100vw, 1024px\" \/><\/figure><div class=\"wp-block-media-text__content\">\n<div class=\"wp-block-group has-global-padding is-layout-constrained wp-block-group-is-layout-constrained\" style=\"padding-top:var(--wp--preset--spacing--30);padding-bottom:var(--wp--preset--spacing--30)\">\n<h2 class=\"wp-block-heading has-heading-font-family has-3-x-large-font-size\" style=\"margin-top:0;margin-bottom:var(--wp--preset--spacing--30)\">El\u00e4mykset<\/h2>\n\n\n\n<p class=\"has-medium-font-size\" style=\"margin-top:0;margin-bottom:var(--wp--preset--spacing--40)\">Hotellin ymp\u00e4rist\u00f6 tarjoaa upeita el\u00e4myksi\u00e4 luonnossa ja kaupungissa. J\u00e4rjest\u00e4mme opastettuja retki\u00e4, aktiviteetteja sek\u00e4 hemmotteluhetki\u00e4, jotka tekev\u00e4t vierailustasi ikimuistoisen.<\/p>\n\n\n\n<div class=\"wp-block-buttons is-layout-flex wp-block-buttons-is-layout-flex\">\n<div class=\"wp-block-button\"><a class=\"wp-block-button__link wp-element-button\">Katso el\u00e4mykset<\/a><\/div>\n<\/div>\n<\/div>\n<\/div><\/div>\n<\/div>\n<\/div>\n","protected":false},"excerpt":{"rendered":"<p>Ravintola &amp; aamiainen Hotellimme ravintola tarjoaa l\u00e4hituotteista valmistettuja herkkuja ja runsaan aamiaisen jokaiselle vieraalle. Nautit ruoan raikkaasta mausta tunnelmallisessa ymp\u00e4rist\u00f6ss\u00e4. Spa &amp; hyvinvointi Rentoudu hemmottelevissa hoidoissa, hieronnoissa ja saunoissa. Spa-osastomme tarjoaa t\u00e4ydellisen rauhan hetken arjen kiireiden keskell\u00e4. Kokoustilat Hotellimme modernit kokoustilat tarjoavat t\u00e4ydelliset puitteet niin pienille palavereille kuin suuremmillekin tilaisuuksille. R\u00e4\u00e4t\u00e4l\u00f6it\u00e4v\u00e4t ratkaisut ja laadukas tekniikka&#8230;<\/p>\n","protected":false},"author":1,"featured_media":0,"parent":0,"menu_order":0,"comment_status":"closed","ping_status":"closed","template":"","meta":{"footnotes":""},"class_list":["post-46","page","type-page","status-publish","hentry"],"_links":{"self":[{"href":"https:\/\/blocksmith.luuptek.fi\/hotelli-demo\/wp-json\/wp\/v2\/pages\/46","targetHints":{"allow":["GET"]}}],"collection":[{"href":"https:\/\/blocksmith.luuptek.fi\/hotelli-demo\/wp-json\/wp\/v2\/pages"}],"about":[{"href":"https:\/\/blocksmith.luuptek.fi\/hotelli-demo\/wp-json\/wp\/v2\/types\/page"}],"author":[{"embeddable":true,"href":"https:\/\/blocksmith.luuptek.fi\/hotelli-demo\/wp-json\/wp\/v2\/users\/1"}],"replies":[{"embeddable":true,"href":"https:\/\/blocksmith.luuptek.fi\/hotelli-demo\/wp-json\/wp\/v2\/comments?post=46"}],"version-history":[{"count":7,"href":"https:\/\/blocksmith.luuptek.fi\/hotelli-demo\/wp-json\/wp\/v2\/pages\/46\/revisions"}],"predecessor-version":[{"id":74,"href":"https:\/\/blocksmith.luuptek.fi\/hotelli-demo\/wp-json\/wp\/v2\/pages\/46\/revisions\/74"}],"wp:attachment":[{"href":"https:\/\/blocksmith.luuptek.fi\/hotelli-demo\/wp-json\/wp\/v2\/media?parent=46"}],"curies":[{"name":"wp","href":"https:\/\/api.w.org\/{rel}","templated":true}]}}