{"id":43,"date":"2025-08-30T15:40:09","date_gmt":"2025-08-30T15:40:09","guid":{"rendered":"https:\/\/blocksmith.luuptek.fi\/ravintola-demo\/?page_id=43"},"modified":"2025-08-31T08:26:59","modified_gmt":"2025-08-31T08:26:59","slug":"menu","status":"publish","type":"page","link":"https:\/\/blocksmith.luuptek.fi\/ravintola-demo\/menu\/","title":{"rendered":"Menu"},"content":{"rendered":"\n<div class=\"wp-block-group alignfull has-global-padding is-layout-constrained wp-block-group-is-layout-constrained\" style=\"margin-top:0;margin-bottom:var(--wp--preset--spacing--80)\">\n<div class=\"wp-block-columns alignfull is-layout-flex wp-container-core-columns-is-layout-28232c24 wp-block-columns-is-layout-flex\">\n<div class=\"wp-block-column is-layout-flow wp-block-column-is-layout-flow\">\n<figure class=\"wp-block-image size-large\"><img loading=\"lazy\" decoding=\"async\" width=\"1024\" height=\"683\" src=\"https:\/\/blocksmith.luuptek.fi\/ravintola-demo\/wp-content\/uploads\/sites\/2\/2025\/08\/pizza-1024x683.webp\" alt=\"\" class=\"wp-image-41\" style=\"aspect-ratio:16\/9;object-fit:cover\" srcset=\"https:\/\/blocksmith.luuptek.fi\/ravintola-demo\/wp-content\/uploads\/sites\/2\/2025\/08\/pizza-1024x683.webp 1024w, https:\/\/blocksmith.luuptek.fi\/ravintola-demo\/wp-content\/uploads\/sites\/2\/2025\/08\/pizza-300x200.webp 300w, https:\/\/blocksmith.luuptek.fi\/ravintola-demo\/wp-content\/uploads\/sites\/2\/2025\/08\/pizza-768x512.webp 768w, https:\/\/blocksmith.luuptek.fi\/ravintola-demo\/wp-content\/uploads\/sites\/2\/2025\/08\/pizza-1536x1024.webp 1536w, https:\/\/blocksmith.luuptek.fi\/ravintola-demo\/wp-content\/uploads\/sites\/2\/2025\/08\/pizza.webp 1920w\" sizes=\"auto, (max-width: 1024px) 100vw, 1024px\" \/><\/figure>\n<\/div>\n\n\n\n<div class=\"wp-block-column is-layout-flow wp-block-column-is-layout-flow\">\n<figure class=\"wp-block-image size-large\"><img loading=\"lazy\" decoding=\"async\" width=\"1024\" height=\"683\" src=\"https:\/\/blocksmith.luuptek.fi\/ravintola-demo\/wp-content\/uploads\/sites\/2\/2025\/08\/pizza2-1024x683.webp\" alt=\"\" class=\"wp-image-54\" style=\"aspect-ratio:16\/9;object-fit:cover\" srcset=\"https:\/\/blocksmith.luuptek.fi\/ravintola-demo\/wp-content\/uploads\/sites\/2\/2025\/08\/pizza2-1024x683.webp 1024w, https:\/\/blocksmith.luuptek.fi\/ravintola-demo\/wp-content\/uploads\/sites\/2\/2025\/08\/pizza2-300x200.webp 300w, https:\/\/blocksmith.luuptek.fi\/ravintola-demo\/wp-content\/uploads\/sites\/2\/2025\/08\/pizza2-768x512.webp 768w, https:\/\/blocksmith.luuptek.fi\/ravintola-demo\/wp-content\/uploads\/sites\/2\/2025\/08\/pizza2-1536x1024.webp 1536w, https:\/\/blocksmith.luuptek.fi\/ravintola-demo\/wp-content\/uploads\/sites\/2\/2025\/08\/pizza2.webp 1920w\" sizes=\"auto, (max-width: 1024px) 100vw, 1024px\" \/><\/figure>\n<\/div>\n\n\n\n<div class=\"wp-block-column is-layout-flow wp-block-column-is-layout-flow\">\n<figure class=\"wp-block-image size-large\"><img loading=\"lazy\" decoding=\"async\" width=\"1024\" height=\"683\" src=\"https:\/\/blocksmith.luuptek.fi\/ravintola-demo\/wp-content\/uploads\/sites\/2\/2025\/08\/pan-pizza-1024x683.webp\" alt=\"\" class=\"wp-image-55\" style=\"aspect-ratio:16\/9;object-fit:cover\" srcset=\"https:\/\/blocksmith.luuptek.fi\/ravintola-demo\/wp-content\/uploads\/sites\/2\/2025\/08\/pan-pizza-1024x683.webp 1024w, https:\/\/blocksmith.luuptek.fi\/ravintola-demo\/wp-content\/uploads\/sites\/2\/2025\/08\/pan-pizza-300x200.webp 300w, https:\/\/blocksmith.luuptek.fi\/ravintola-demo\/wp-content\/uploads\/sites\/2\/2025\/08\/pan-pizza-768x512.webp 768w, https:\/\/blocksmith.luuptek.fi\/ravintola-demo\/wp-content\/uploads\/sites\/2\/2025\/08\/pan-pizza-1536x1024.webp 1536w, https:\/\/blocksmith.luuptek.fi\/ravintola-demo\/wp-content\/uploads\/sites\/2\/2025\/08\/pan-pizza.webp 1920w\" sizes=\"auto, (max-width: 1024px) 100vw, 1024px\" \/><\/figure>\n<\/div>\n<\/div>\n<\/div>\n\n\n\n<div class=\"wp-block-group has-global-padding is-layout-constrained wp-block-group-is-layout-constrained\" style=\"margin-top:var(--wp--preset--spacing--30);margin-bottom:var(--wp--preset--spacing--80)\">\n<h1 class=\"wp-block-heading\"><em>Menu<\/em><\/h1>\n\n\n\n<hr class=\"wp-block-separator has-alpha-channel-opacity is-style-wide\"\/>\n\n\n\n<div class=\"wp-block-group has-global-padding is-layout-constrained wp-container-core-group-is-layout-d3543a3b wp-block-group-is-layout-constrained\">\n<div class=\"wp-block-group has-global-padding is-layout-constrained wp-block-group-is-layout-constrained\">\n<h3 class=\"wp-block-heading\"><em>Alkupalat<\/em><\/h3>\n\n\n\n<div class=\"wp-block-group is-content-justification-space-between is-nowrap is-layout-flex wp-container-core-group-is-layout-cb46ffcb wp-block-group-is-layout-flex\">\n<div class=\"wp-block-group is-vertical is-layout-flex wp-container-core-group-is-layout-ea0cb840 wp-block-group-is-layout-flex\">\n<h4 class=\"wp-block-heading has-large-font-size\">Bruschetta<\/h4>\n\n\n\n<p>Paahdettua leip\u00e4\u00e4, tomaattia, basilikaa ja oliivi\u00f6ljy\u00e4.<\/p>\n<\/div>\n\n\n\n<div class=\"wp-block-group wp-container-content-759e20a8 has-global-padding is-content-justification-center is-layout-constrained wp-block-group-is-layout-constrained\">\n<p class=\"has-text-align-right has-x-large-font-size\"><strong>6,50\u20ac<\/strong><\/p>\n<\/div>\n<\/div>\n\n\n\n<div class=\"wp-block-group is-content-justification-space-between is-nowrap is-layout-flex wp-container-core-group-is-layout-cb46ffcb wp-block-group-is-layout-flex\">\n<div class=\"wp-block-group is-vertical is-layout-flex wp-container-core-group-is-layout-ea0cb840 wp-block-group-is-layout-flex\">\n<h4 class=\"wp-block-heading has-large-font-size\">Caprese<\/h4>\n\n\n\n<p>Buffala-mozzarellaa, tomaattia, basilikaa ja balsamicoa.<\/p>\n<\/div>\n\n\n\n<div class=\"wp-block-group wp-container-content-759e20a8 has-global-padding is-content-justification-center is-layout-constrained wp-block-group-is-layout-constrained\">\n<p class=\"has-text-align-right has-x-large-font-size\"><strong>8,00\u20ac<\/strong><\/p>\n<\/div>\n<\/div>\n<\/div>\n\n\n\n<div class=\"wp-block-group has-global-padding is-layout-constrained wp-block-group-is-layout-constrained\">\n<h3 class=\"wp-block-heading\"><em>Pizzat<\/em><\/h3>\n\n\n\n<div class=\"wp-block-group is-content-justification-space-between is-nowrap is-layout-flex wp-container-core-group-is-layout-cb46ffcb wp-block-group-is-layout-flex\">\n<div class=\"wp-block-group is-vertical is-layout-flex wp-container-core-group-is-layout-ea0cb840 wp-block-group-is-layout-flex\">\n<h4 class=\"wp-block-heading has-large-font-size\">Margherita<\/h4>\n\n\n\n<p>Klassikko pizzapohjalla, mozzarellalla, tomaattikastikkeella ja basilikalla.<\/p>\n<\/div>\n\n\n\n<div class=\"wp-block-group wp-container-content-759e20a8 has-global-padding is-content-justification-center is-layout-constrained wp-block-group-is-layout-constrained\">\n<p class=\"has-text-align-right has-x-large-font-size\"><strong>10,50\u20ac<\/strong><\/p>\n<\/div>\n<\/div>\n\n\n\n<div class=\"wp-block-group is-content-justification-space-between is-nowrap is-layout-flex wp-container-core-group-is-layout-cb46ffcb wp-block-group-is-layout-flex\">\n<div class=\"wp-block-group is-vertical is-layout-flex wp-container-core-group-is-layout-ea0cb840 wp-block-group-is-layout-flex\">\n<h4 class=\"wp-block-heading has-large-font-size\">Pepperoni<\/h4>\n\n\n\n<p>Pepperonisiivuja ja mozzarellaa tomaattikastikkeella.<\/p>\n<\/div>\n\n\n\n<div class=\"wp-block-group wp-container-content-759e20a8 has-global-padding is-content-justification-center is-layout-constrained wp-block-group-is-layout-constrained\">\n<p class=\"has-text-align-right has-x-large-font-size\"><strong>11,00\u20ac<\/strong><\/p>\n<\/div>\n<\/div>\n\n\n\n<div class=\"wp-block-group is-content-justification-space-between is-nowrap is-layout-flex wp-container-core-group-is-layout-cb46ffcb wp-block-group-is-layout-flex\">\n<div class=\"wp-block-group is-vertical is-layout-flex wp-container-core-group-is-layout-ea0cb840 wp-block-group-is-layout-flex\">\n<h4 class=\"wp-block-heading has-large-font-size\">Quattro Formaggi<\/h4>\n\n\n\n<p>Nelj\u00e4n juuston pizza: mozzarella, gorgonzola, parmesan ja pecorino.<\/p>\n<\/div>\n\n\n\n<div class=\"wp-block-group wp-container-content-759e20a8 has-global-padding is-content-justification-center is-layout-constrained wp-block-group-is-layout-constrained\">\n<p class=\"has-text-align-right has-x-large-font-size\"><strong>11,50\u20ac<\/strong><\/p>\n<\/div>\n<\/div>\n\n\n\n<div class=\"wp-block-group is-content-justification-space-between is-nowrap is-layout-flex wp-container-core-group-is-layout-cb46ffcb wp-block-group-is-layout-flex\">\n<div class=\"wp-block-group is-vertical is-layout-flex wp-container-core-group-is-layout-ea0cb840 wp-block-group-is-layout-flex\">\n<h4 class=\"wp-block-heading has-large-font-size\">Hawaiji<\/h4>\n\n\n\n<p>Kinkkua, ananasta ja mozzarellaa tomaattikastikkeella.<\/p>\n<\/div>\n\n\n\n<div class=\"wp-block-group wp-container-content-759e20a8 has-global-padding is-content-justification-center is-layout-constrained wp-block-group-is-layout-constrained\">\n<p class=\"has-text-align-right has-x-large-font-size\"><strong>10,90\u20ac<\/strong><\/p>\n<\/div>\n<\/div>\n\n\n\n<div class=\"wp-block-group is-content-justification-space-between is-nowrap is-layout-flex wp-container-core-group-is-layout-cb46ffcb wp-block-group-is-layout-flex\">\n<div class=\"wp-block-group is-vertical is-layout-flex wp-container-core-group-is-layout-ea0cb840 wp-block-group-is-layout-flex\">\n<h4 class=\"wp-block-heading has-large-font-size\">Frutti di Mare<\/h4>\n\n\n\n<p>Merenel\u00e4vill\u00e4 t\u00e4ytetty pizza: katkarapuja, simpukoita ja valkosipulia.<\/p>\n<\/div>\n\n\n\n<div class=\"wp-block-group wp-container-content-759e20a8 has-global-padding is-content-justification-center is-layout-constrained wp-block-group-is-layout-constrained\">\n<p class=\"has-text-align-right has-x-large-font-size\"><strong>12,50\u20ac<\/strong><\/p>\n<\/div>\n<\/div>\n<\/div>\n\n\n\n<div class=\"wp-block-group has-global-padding is-layout-constrained wp-block-group-is-layout-constrained\">\n<h3 class=\"wp-block-heading\"><em>J\u00e4lkiruoat<\/em><\/h3>\n\n\n\n<div class=\"wp-block-group is-content-justification-space-between is-nowrap is-layout-flex wp-container-core-group-is-layout-cb46ffcb wp-block-group-is-layout-flex\">\n<div class=\"wp-block-group is-vertical is-layout-flex wp-container-core-group-is-layout-ea0cb840 wp-block-group-is-layout-flex\">\n<h4 class=\"wp-block-heading has-large-font-size\">Tiramisu<\/h4>\n\n\n\n<p>Italialainen klassikko espressolla ja mascarpone-kreemill\u00e4.<\/p>\n<\/div>\n\n\n\n<div class=\"wp-block-group wp-container-content-759e20a8 has-global-padding is-content-justification-center is-layout-constrained wp-block-group-is-layout-constrained\">\n<p class=\"has-text-align-right has-x-large-font-size\"><strong>7,50\u20ac<\/strong><\/p>\n<\/div>\n<\/div>\n\n\n\n<div class=\"wp-block-group is-content-justification-space-between is-nowrap is-layout-flex wp-container-core-group-is-layout-cb46ffcb wp-block-group-is-layout-flex\">\n<div class=\"wp-block-group is-vertical is-layout-flex wp-container-core-group-is-layout-ea0cb840 wp-block-group-is-layout-flex\">\n<h4 class=\"wp-block-heading has-large-font-size\">Panna Cotta<\/h4>\n\n\n\n<p>Vaniljainen italialainen kermaj\u00e4lkiruoka marjakastikkeella.<\/p>\n<\/div>\n\n\n\n<div class=\"wp-block-group wp-container-content-759e20a8 has-global-padding is-content-justification-center is-layout-constrained wp-block-group-is-layout-constrained\">\n<p class=\"has-text-align-right has-x-large-font-size\"><strong>7,00\u20ac<\/strong><\/p>\n<\/div>\n<\/div>\n\n\n\n<div class=\"wp-block-group is-content-justification-space-between is-nowrap is-layout-flex wp-container-core-group-is-layout-cb46ffcb wp-block-group-is-layout-flex\">\n<div class=\"wp-block-group is-vertical is-layout-flex wp-container-core-group-is-layout-ea0cb840 wp-block-group-is-layout-flex\">\n<h4 class=\"wp-block-heading has-large-font-size\">Gelato<\/h4>\n\n\n\n<p>K\u00e4sintehty\u00e4 italialaista j\u00e4\u00e4tel\u00f6\u00e4, makuja p\u00e4ivitt\u00e4in.<\/p>\n<\/div>\n\n\n\n<div class=\"wp-block-group wp-container-content-759e20a8 has-global-padding is-content-justification-center is-layout-constrained wp-block-group-is-layout-constrained\">\n<p class=\"has-text-align-right has-x-large-font-size\"><strong>6,00\u20ac<\/strong><\/p>\n<\/div>\n<\/div>\n<\/div>\n\n\n\n<div class=\"wp-block-group has-global-padding is-layout-constrained wp-block-group-is-layout-constrained\">\n<h3 class=\"wp-block-heading\"><em>Juomat<\/em><\/h3>\n\n\n\n<div class=\"wp-block-group is-content-justification-space-between is-nowrap is-layout-flex wp-container-core-group-is-layout-cb46ffcb wp-block-group-is-layout-flex\">\n<div class=\"wp-block-group is-vertical is-layout-flex wp-container-core-group-is-layout-ea0cb840 wp-block-group-is-layout-flex\">\n<h4 class=\"wp-block-heading has-large-font-size\">Coca-Cola<\/h4>\n\n\n\n<p>Klassinen virvoitusjuoma.<\/p>\n<\/div>\n\n\n\n<div class=\"wp-block-group wp-container-content-759e20a8 has-global-padding is-content-justification-center is-layout-constrained wp-block-group-is-layout-constrained\">\n<p class=\"has-text-align-right has-x-large-font-size\"><strong>3,50\u20ac<\/strong><\/p>\n<\/div>\n<\/div>\n\n\n\n<div class=\"wp-block-group is-content-justification-space-between is-nowrap is-layout-flex wp-container-core-group-is-layout-cb46ffcb wp-block-group-is-layout-flex\">\n<div class=\"wp-block-group is-vertical is-layout-flex wp-container-core-group-is-layout-ea0cb840 wp-block-group-is-layout-flex\">\n<h4 class=\"wp-block-heading has-large-font-size\">Kotikalja<\/h4>\n\n\n\n<p>Perinteinen suomalainen ruokajuoma.<\/p>\n<\/div>\n\n\n\n<div class=\"wp-block-group wp-container-content-759e20a8 has-global-padding is-content-justification-center is-layout-constrained wp-block-group-is-layout-constrained\">\n<p class=\"has-text-align-right has-x-large-font-size\"><strong>4,00\u20ac<\/strong><\/p>\n<\/div>\n<\/div>\n\n\n\n<div class=\"wp-block-group is-content-justification-space-between is-nowrap is-layout-flex wp-container-core-group-is-layout-cb46ffcb wp-block-group-is-layout-flex\">\n<div class=\"wp-block-group is-vertical is-layout-flex wp-container-core-group-is-layout-ea0cb840 wp-block-group-is-layout-flex\">\n<h4 class=\"wp-block-heading has-large-font-size\">Olut<\/h4>\n\n\n\n<p>Valikoima kotimaisia ja italialaisia oluita.<\/p>\n<\/div>\n\n\n\n<div class=\"wp-block-group wp-container-content-759e20a8 has-global-padding is-content-justification-center is-layout-constrained wp-block-group-is-layout-constrained\">\n<p class=\"has-text-align-right has-x-large-font-size\"><strong>6,00\u20ac<\/strong><\/p>\n<\/div>\n<\/div>\n<\/div>\n<\/div>\n<\/div>\n","protected":false},"excerpt":{"rendered":"<p>Menu Alkupalat Bruschetta Paahdettua leip\u00e4\u00e4, tomaattia, basilikaa ja oliivi\u00f6ljy\u00e4. 6,50\u20ac Caprese Buffala-mozzarellaa, tomaattia, basilikaa ja balsamicoa. 8,00\u20ac Pizzat Margherita Klassikko pizzapohjalla, mozzarellalla, tomaattikastikkeella ja basilikalla. 10,50\u20ac Pepperoni Pepperonisiivuja ja mozzarellaa tomaattikastikkeella. 11,00\u20ac Quattro Formaggi Nelj\u00e4n juuston pizza: mozzarella, gorgonzola, parmesan ja pecorino. 11,50\u20ac Hawaiji Kinkkua, ananasta ja mozzarellaa tomaattikastikkeella. 10,90\u20ac Frutti di Mare Merenel\u00e4vill\u00e4 t\u00e4ytetty&#8230;<\/p>\n","protected":false},"author":1,"featured_media":0,"parent":0,"menu_order":0,"comment_status":"closed","ping_status":"closed","template":"","meta":{"footnotes":""},"class_list":["post-43","page","type-page","status-publish","hentry"],"_links":{"self":[{"href":"https:\/\/blocksmith.luuptek.fi\/ravintola-demo\/wp-json\/wp\/v2\/pages\/43","targetHints":{"allow":["GET"]}}],"collection":[{"href":"https:\/\/blocksmith.luuptek.fi\/ravintola-demo\/wp-json\/wp\/v2\/pages"}],"about":[{"href":"https:\/\/blocksmith.luuptek.fi\/ravintola-demo\/wp-json\/wp\/v2\/types\/page"}],"author":[{"embeddable":true,"href":"https:\/\/blocksmith.luuptek.fi\/ravintola-demo\/wp-json\/wp\/v2\/users\/1"}],"replies":[{"embeddable":true,"href":"https:\/\/blocksmith.luuptek.fi\/ravintola-demo\/wp-json\/wp\/v2\/comments?post=43"}],"version-history":[{"count":3,"href":"https:\/\/blocksmith.luuptek.fi\/ravintola-demo\/wp-json\/wp\/v2\/pages\/43\/revisions"}],"predecessor-version":[{"id":73,"href":"https:\/\/blocksmith.luuptek.fi\/ravintola-demo\/wp-json\/wp\/v2\/pages\/43\/revisions\/73"}],"wp:attachment":[{"href":"https:\/\/blocksmith.luuptek.fi\/ravintola-demo\/wp-json\/wp\/v2\/media?parent=43"}],"curies":[{"name":"wp","href":"https:\/\/api.w.org\/{rel}","templated":true}]}}