{"id":40,"date":"2025-09-02T10:43:04","date_gmt":"2025-09-02T07:43:04","guid":{"rendered":"https:\/\/blocksmith.luuptek.fi\/remonttifirma-demo\/?page_id=40"},"modified":"2025-09-05T13:51:28","modified_gmt":"2025-09-05T10:51:28","slug":"palvelut","status":"publish","type":"page","link":"https:\/\/blocksmith.luuptek.fi\/remonttifirma-demo\/palvelut\/","title":{"rendered":"Palvelut"},"content":{"rendered":"\n<div class=\"wp-block-group alignwide has-global-padding is-layout-constrained wp-block-group-is-layout-constrained\" style=\"margin-top:var(--wp--preset--spacing--50);margin-bottom:var(--wp--preset--spacing--80)\">\n<h1 class=\"wp-block-heading has-text-align-center\"><mark style=\"background-color:rgba(0, 0, 0, 0)\" class=\"has-inline-color has-accent-color\">Palvelumme<\/mark>. Remontit, maalaukset ja pesut.<\/h1>\n\n\n\n<p class=\"has-text-align-center is-style-default\" style=\"margin-bottom:var(--wp--preset--spacing--40)\">Tarjoamme kattavat kattopalvelut aina remontista huoltoon ja yll\u00e4pitoon \u2013 laadukkaasti ja luotettavasti.<\/p>\n\n\n\n<div class=\"wp-block-group alignwide has-accent-2-background-color has-background wp-container-content-8d1725e3 has-global-padding is-layout-constrained wp-container-core-group-is-layout-a151063b wp-block-group-is-layout-constrained\" style=\"padding-top:var(--wp--preset--spacing--50);padding-right:var(--wp--preset--spacing--40);padding-bottom:var(--wp--preset--spacing--50);padding-left:var(--wp--preset--spacing--40)\">\n<div class=\"wp-block-group is-vertical is-content-justification-center is-layout-flex wp-container-core-group-is-layout-b6c228df wp-block-group-is-layout-flex\" style=\"min-height:100%\">\n<div class=\"wp-block-group has-global-padding is-layout-constrained wp-block-group-is-layout-constrained\">\n<figure class=\"wp-block-image aligncenter size-medium is-resized\"><img decoding=\"async\" src=\"https:\/\/blocksmith.luuptek.fi\/wp-content\/uploads\/2025\/05\/draw.svg\" alt=\"\" class=\"wp-image-320\" style=\"width:80px\"\/><\/figure>\n\n\n\n<h3 class=\"wp-block-heading has-text-align-center has-3-x-large-font-size\">Kattoremontti<\/h3>\n\n\n\n<p class=\"has-text-align-center has-large-font-size\">T\u00e4ydellinen kattoremontti avaimet k\u00e4teen -periaatteella. Kest\u00e4v\u00e4, turvallinen ja takuunalainen ratkaisu kotisi katolle.<\/p>\n<\/div>\n\n\n\n<div class=\"wp-block-buttons is-content-justification-center is-layout-flex wp-container-core-buttons-is-layout-a89b3969 wp-block-buttons-is-layout-flex\">\n<div class=\"wp-block-button\"><a class=\"wp-block-button__link wp-element-button\" href=\"https:\/\/blocksmith.luuptek.fi\/remonttifirma-demo\/palvelut\/kattoremontti\/\">Lue lis\u00e4\u00e4<\/a><\/div>\n<\/div>\n<\/div>\n<\/div>\n\n\n\n<div class=\"wp-block-group alignwide is-layout-grid wp-container-core-group-is-layout-510ef126 wp-block-group-is-layout-grid\">\n<div class=\"wp-block-group has-accent-2-background-color has-background wp-container-content-79d2a176 has-global-padding is-layout-constrained wp-container-core-group-is-layout-a151063b wp-block-group-is-layout-constrained\" style=\"padding-top:var(--wp--preset--spacing--50);padding-right:var(--wp--preset--spacing--40);padding-bottom:var(--wp--preset--spacing--50);padding-left:var(--wp--preset--spacing--40)\">\n<div class=\"wp-block-group is-vertical is-content-justification-center is-layout-flex wp-container-core-group-is-layout-b6c228df wp-block-group-is-layout-flex\" style=\"min-height:100%\">\n<div class=\"wp-block-group has-global-padding is-layout-constrained wp-block-group-is-layout-constrained\">\n<figure class=\"wp-block-image aligncenter size-medium is-resized\"><img decoding=\"async\" src=\"https:\/\/blocksmith.luuptek.fi\/wp-content\/uploads\/2025\/05\/draw.svg\" alt=\"\" class=\"wp-image-320\" style=\"width:80px\"\/><\/figure>\n\n\n\n<h3 class=\"wp-block-heading has-text-align-center has-x-large-font-size\">Katon maalaus<\/h3>\n\n\n\n<p class=\"has-text-align-center\">Katon huoltomaalaus pident\u00e4\u00e4 katon k\u00e4ytt\u00f6ik\u00e4\u00e4 ja palauttaa sen ulkon\u00e4\u00f6n. Teemme ty\u00f6n ammattitaidolla ja laadukkailla maaleilla.<\/p>\n<\/div>\n\n\n\n<div class=\"wp-block-buttons is-content-justification-center is-layout-flex wp-container-core-buttons-is-layout-a89b3969 wp-block-buttons-is-layout-flex\">\n<div class=\"wp-block-button\"><a class=\"wp-block-button__link wp-element-button\" href=\"https:\/\/blocksmith.luuptek.fi\/remonttifirma-demo\/palvelut\/katon-maalaus\/\">Lue lis\u00e4\u00e4<\/a><\/div>\n<\/div>\n<\/div>\n<\/div>\n\n\n\n<div class=\"wp-block-group has-accent-2-background-color has-background wp-container-content-79d2a176 has-global-padding is-layout-constrained wp-container-core-group-is-layout-a151063b wp-block-group-is-layout-constrained\" style=\"padding-top:var(--wp--preset--spacing--50);padding-right:var(--wp--preset--spacing--40);padding-bottom:var(--wp--preset--spacing--50);padding-left:var(--wp--preset--spacing--40)\">\n<div class=\"wp-block-group is-vertical is-content-justification-center is-layout-flex wp-container-core-group-is-layout-b6c228df wp-block-group-is-layout-flex\" style=\"min-height:100%\">\n<div class=\"wp-block-group has-global-padding is-layout-constrained wp-block-group-is-layout-constrained\">\n<figure class=\"wp-block-image aligncenter size-medium is-resized\"><img decoding=\"async\" src=\"https:\/\/blocksmith.luuptek.fi\/wp-content\/uploads\/2025\/05\/perm-media.svg\" alt=\"\" class=\"wp-image-315\" style=\"width:80px\"\/><\/figure>\n\n\n\n<h3 class=\"wp-block-heading has-text-align-center has-x-large-font-size\">Katon pesu<\/h3>\n\n\n\n<p class=\"has-text-align-center\">Ammattimainen katon pesu poistaa lian, sammaleen ja ep\u00e4puhtaudet, parantaen katon ulkon\u00e4k\u00f6\u00e4 ja k\u00e4ytt\u00f6ik\u00e4\u00e4.<\/p>\n<\/div>\n\n\n\n<div class=\"wp-block-buttons is-content-justification-center is-layout-flex wp-container-core-buttons-is-layout-a89b3969 wp-block-buttons-is-layout-flex\">\n<div class=\"wp-block-button\"><a class=\"wp-block-button__link wp-element-button\" href=\"https:\/\/blocksmith.luuptek.fi\/remonttifirma-demo\/palvelut\/katon-pesu\/\">Lue lis\u00e4\u00e4<\/a><\/div>\n<\/div>\n<\/div>\n<\/div>\n<\/div>\n<\/div>\n","protected":false},"excerpt":{"rendered":"<p>Palvelumme. Remontit, maalaukset ja pesut. Tarjoamme kattavat kattopalvelut aina remontista huoltoon ja yll\u00e4pitoon \u2013 laadukkaasti ja luotettavasti. Kattoremontti T\u00e4ydellinen kattoremontti avaimet k\u00e4teen -periaatteella. Kest\u00e4v\u00e4, turvallinen ja takuunalainen ratkaisu kotisi katolle. Katon maalaus Katon huoltomaalaus pident\u00e4\u00e4 katon k\u00e4ytt\u00f6ik\u00e4\u00e4 ja palauttaa sen ulkon\u00e4\u00f6n. Teemme ty\u00f6n ammattitaidolla ja laadukkailla maaleilla. Katon pesu Ammattimainen katon pesu poistaa lian, sammaleen&#8230;<\/p>\n","protected":false},"author":1,"featured_media":0,"parent":0,"menu_order":0,"comment_status":"closed","ping_status":"closed","template":"","meta":{"footnotes":""},"class_list":["post-40","page","type-page","status-publish","hentry"],"_links":{"self":[{"href":"https:\/\/blocksmith.luuptek.fi\/remonttifirma-demo\/wp-json\/wp\/v2\/pages\/40","targetHints":{"allow":["GET"]}}],"collection":[{"href":"https:\/\/blocksmith.luuptek.fi\/remonttifirma-demo\/wp-json\/wp\/v2\/pages"}],"about":[{"href":"https:\/\/blocksmith.luuptek.fi\/remonttifirma-demo\/wp-json\/wp\/v2\/types\/page"}],"author":[{"embeddable":true,"href":"https:\/\/blocksmith.luuptek.fi\/remonttifirma-demo\/wp-json\/wp\/v2\/users\/1"}],"replies":[{"embeddable":true,"href":"https:\/\/blocksmith.luuptek.fi\/remonttifirma-demo\/wp-json\/wp\/v2\/comments?post=40"}],"version-history":[{"count":11,"href":"https:\/\/blocksmith.luuptek.fi\/remonttifirma-demo\/wp-json\/wp\/v2\/pages\/40\/revisions"}],"predecessor-version":[{"id":103,"href":"https:\/\/blocksmith.luuptek.fi\/remonttifirma-demo\/wp-json\/wp\/v2\/pages\/40\/revisions\/103"}],"wp:attachment":[{"href":"https:\/\/blocksmith.luuptek.fi\/remonttifirma-demo\/wp-json\/wp\/v2\/media?parent=40"}],"curies":[{"name":"wp","href":"https:\/\/api.w.org\/{rel}","templated":true}]}}