{"id":42,"date":"2025-09-02T10:43:13","date_gmt":"2025-09-02T07:43:13","guid":{"rendered":"https:\/\/blocksmith.luuptek.fi\/remonttifirma-demo\/?page_id=42"},"modified":"2025-09-05T13:50:52","modified_gmt":"2025-09-05T10:50:52","slug":"referenssit","status":"publish","type":"page","link":"https:\/\/blocksmith.luuptek.fi\/remonttifirma-demo\/referenssit\/","title":{"rendered":"Referenssit"},"content":{"rendered":"\n<div class=\"wp-block-group alignwide has-global-padding is-layout-constrained wp-block-group-is-layout-constrained\" style=\"margin-top:var(--wp--preset--spacing--50);margin-bottom:var(--wp--preset--spacing--50)\">\n<div class=\"wp-block-group alignwide has-global-padding is-content-justification-center is-layout-constrained wp-block-group-is-layout-constrained\" style=\"margin-bottom:var(--wp--preset--spacing--40)\">\n<h2 class=\"wp-block-heading has-text-align-center has-3-x-large-font-size\">Referenssit<\/h2>\n\n\n\n<p class=\"has-text-align-center\">Tutustu esimerkkeihin projekteista, joissa olemme toteuttaneet laadukkaita kattoremontteja ja huoltot\u00f6it\u00e4 ymp\u00e4ri Suomen.<\/p>\n<\/div>\n\n\n\n<div class=\"wp-block-columns alignwide is-layout-flex wp-container-core-columns-is-layout-d76c625d wp-block-columns-is-layout-flex\">\n<div class=\"wp-block-column is-layout-flow wp-block-column-is-layout-flow\" style=\"flex-basis:50%\">\n<figure data-wp-context=\"{&quot;imageId&quot;:&quot;69f3ae7abb652&quot;}\" data-wp-interactive=\"core\/image\" data-wp-key=\"69f3ae7abb652\" class=\"wp-block-image size-large wp-lightbox-container\"><img loading=\"lazy\" decoding=\"async\" width=\"1024\" height=\"687\" data-wp-class--hide=\"state.isContentHidden\" data-wp-class--show=\"state.isContentVisible\" data-wp-init=\"callbacks.setButtonStyles\" data-wp-on--click=\"actions.showLightbox\" data-wp-on--load=\"callbacks.setButtonStyles\" data-wp-on-window--resize=\"callbacks.setButtonStyles\" src=\"https:\/\/blocksmith.luuptek.fi\/remonttifirma-demo\/wp-content\/uploads\/sites\/3\/2025\/09\/glass-roof-1024x687.webp\" alt=\"\" class=\"wp-image-27\" style=\"aspect-ratio:16\/9;object-fit:cover\" srcset=\"https:\/\/blocksmith.luuptek.fi\/remonttifirma-demo\/wp-content\/uploads\/sites\/3\/2025\/09\/glass-roof-1024x687.webp 1024w, https:\/\/blocksmith.luuptek.fi\/remonttifirma-demo\/wp-content\/uploads\/sites\/3\/2025\/09\/glass-roof-300x201.webp 300w, https:\/\/blocksmith.luuptek.fi\/remonttifirma-demo\/wp-content\/uploads\/sites\/3\/2025\/09\/glass-roof-768x516.webp 768w, https:\/\/blocksmith.luuptek.fi\/remonttifirma-demo\/wp-content\/uploads\/sites\/3\/2025\/09\/glass-roof-1536x1031.webp 1536w, https:\/\/blocksmith.luuptek.fi\/remonttifirma-demo\/wp-content\/uploads\/sites\/3\/2025\/09\/glass-roof.webp 1920w\" sizes=\"auto, (max-width: 1024px) 100vw, 1024px\" \/><button\n\t\t\tclass=\"lightbox-trigger\"\n\t\t\ttype=\"button\"\n\t\t\taria-haspopup=\"dialog\"\n\t\t\taria-label=\"Suurenna\"\n\t\t\tdata-wp-init=\"callbacks.initTriggerButton\"\n\t\t\tdata-wp-on--click=\"actions.showLightbox\"\n\t\t\tdata-wp-style--right=\"state.imageButtonRight\"\n\t\t\tdata-wp-style--top=\"state.imageButtonTop\"\n\t\t>\n\t\t\t<svg xmlns=\"http:\/\/www.w3.org\/2000\/svg\" width=\"12\" height=\"12\" fill=\"none\" viewBox=\"0 0 12 12\">\n\t\t\t\t<path fill=\"#fff\" d=\"M2 0a2 2 0 0 0-2 2v2h1.5V2a.5.5 0 0 1 .5-.5h2V0H2Zm2 10.5H2a.5.5 0 0 1-.5-.5V8H0v2a2 2 0 0 0 2 2h2v-1.5ZM8 12v-1.5h2a.5.5 0 0 0 .5-.5V8H12v2a2 2 0 0 1-2 2H8Zm2-12a2 2 0 0 1 2 2v2h-1.5V2a.5.5 0 0 0-.5-.5H8V0h2Z\" \/>\n\t\t\t<\/svg>\n\t\t<\/button><\/figure>\n<\/div>\n\n\n\n<div class=\"wp-block-column is-layout-flow wp-block-column-is-layout-flow\" style=\"flex-basis:50%\">\n<div class=\"wp-block-group has-x-small-font-size is-nowrap is-layout-flex wp-container-core-group-is-layout-6c531013 wp-block-group-is-layout-flex\">\n<p class=\"has-accent-2-background-color has-background\" style=\"border-radius:5px;padding-top:var(--wp--preset--spacing--10);padding-right:var(--wp--preset--spacing--20);padding-bottom:var(--wp--preset--spacing--10);padding-left:var(--wp--preset--spacing--20);font-style:normal;font-weight:700\">2024<\/p>\n\n\n\n<p class=\"has-accent-2-background-color has-background\" style=\"border-radius:5px;padding-top:var(--wp--preset--spacing--10);padding-right:var(--wp--preset--spacing--20);padding-bottom:var(--wp--preset--spacing--10);padding-left:var(--wp--preset--spacing--20);font-style:normal;font-weight:700\">Kattoremontti<\/p>\n<\/div>\n\n\n\n<h2 class=\"wp-block-heading has-x-large-font-size\">Lasikatto uudiskohteeseen<\/h2>\n\n\n\n<p class=\"is-style-default\">Toteutimme modernin lasikatteen rivitalokohteeseen. Projekti sis\u00e4lsi rungon rakentamisen, eristykset ja katon vesieristyksen. Asiakas sai energiatehokkaan ja n\u00e4ytt\u00e4v\u00e4n ratkaisun.<\/p>\n<\/div>\n<\/div>\n\n\n\n<hr class=\"wp-block-separator has-alpha-channel-opacity is-style-dots\" style=\"margin-top:var(--wp--preset--spacing--50);margin-bottom:var(--wp--preset--spacing--50)\"\/>\n\n\n\n<div class=\"wp-block-columns alignwide is-layout-flex wp-container-core-columns-is-layout-d76c625d wp-block-columns-is-layout-flex\">\n<div class=\"wp-block-column is-layout-flow wp-block-column-is-layout-flow\" style=\"flex-basis:50%\">\n<figure data-wp-context=\"{&quot;imageId&quot;:&quot;69f3ae7abc51e&quot;}\" data-wp-interactive=\"core\/image\" data-wp-key=\"69f3ae7abc51e\" class=\"wp-block-image size-large wp-lightbox-container\"><img loading=\"lazy\" decoding=\"async\" width=\"1024\" height=\"678\" data-wp-class--hide=\"state.isContentHidden\" data-wp-class--show=\"state.isContentVisible\" data-wp-init=\"callbacks.setButtonStyles\" data-wp-on--click=\"actions.showLightbox\" data-wp-on--load=\"callbacks.setButtonStyles\" data-wp-on-window--resize=\"callbacks.setButtonStyles\" src=\"https:\/\/blocksmith.luuptek.fi\/remonttifirma-demo\/wp-content\/uploads\/sites\/3\/2025\/09\/cottage-1024x678.webp\" alt=\"\" class=\"wp-image-25\" style=\"aspect-ratio:16\/9;object-fit:cover\" srcset=\"https:\/\/blocksmith.luuptek.fi\/remonttifirma-demo\/wp-content\/uploads\/sites\/3\/2025\/09\/cottage-1024x678.webp 1024w, https:\/\/blocksmith.luuptek.fi\/remonttifirma-demo\/wp-content\/uploads\/sites\/3\/2025\/09\/cottage-300x199.webp 300w, https:\/\/blocksmith.luuptek.fi\/remonttifirma-demo\/wp-content\/uploads\/sites\/3\/2025\/09\/cottage-768x509.webp 768w, https:\/\/blocksmith.luuptek.fi\/remonttifirma-demo\/wp-content\/uploads\/sites\/3\/2025\/09\/cottage-1536x1018.webp 1536w, https:\/\/blocksmith.luuptek.fi\/remonttifirma-demo\/wp-content\/uploads\/sites\/3\/2025\/09\/cottage.webp 1920w\" sizes=\"auto, (max-width: 1024px) 100vw, 1024px\" \/><button\n\t\t\tclass=\"lightbox-trigger\"\n\t\t\ttype=\"button\"\n\t\t\taria-haspopup=\"dialog\"\n\t\t\taria-label=\"Suurenna\"\n\t\t\tdata-wp-init=\"callbacks.initTriggerButton\"\n\t\t\tdata-wp-on--click=\"actions.showLightbox\"\n\t\t\tdata-wp-style--right=\"state.imageButtonRight\"\n\t\t\tdata-wp-style--top=\"state.imageButtonTop\"\n\t\t>\n\t\t\t<svg xmlns=\"http:\/\/www.w3.org\/2000\/svg\" width=\"12\" height=\"12\" fill=\"none\" viewBox=\"0 0 12 12\">\n\t\t\t\t<path fill=\"#fff\" d=\"M2 0a2 2 0 0 0-2 2v2h1.5V2a.5.5 0 0 1 .5-.5h2V0H2Zm2 10.5H2a.5.5 0 0 1-.5-.5V8H0v2a2 2 0 0 0 2 2h2v-1.5ZM8 12v-1.5h2a.5.5 0 0 0 .5-.5V8H12v2a2 2 0 0 1-2 2H8Zm2-12a2 2 0 0 1 2 2v2h-1.5V2a.5.5 0 0 0-.5-.5H8V0h2Z\" \/>\n\t\t\t<\/svg>\n\t\t<\/button><\/figure>\n<\/div>\n\n\n\n<div class=\"wp-block-column is-layout-flow wp-block-column-is-layout-flow\" style=\"flex-basis:50%\">\n<div class=\"wp-block-group has-x-small-font-size is-nowrap is-layout-flex wp-container-core-group-is-layout-6c531013 wp-block-group-is-layout-flex\">\n<p class=\"has-accent-2-background-color has-background\" style=\"border-radius:5px;padding-top:var(--wp--preset--spacing--10);padding-right:var(--wp--preset--spacing--20);padding-bottom:var(--wp--preset--spacing--10);padding-left:var(--wp--preset--spacing--20);font-style:normal;font-weight:700\">2023<\/p>\n\n\n\n<p class=\"has-accent-2-background-color has-background\" style=\"border-radius:5px;padding-top:var(--wp--preset--spacing--10);padding-right:var(--wp--preset--spacing--20);padding-bottom:var(--wp--preset--spacing--10);padding-left:var(--wp--preset--spacing--20);font-style:normal;font-weight:700\">Huoltomaalaus<\/p>\n<\/div>\n\n\n\n<h2 class=\"wp-block-heading has-x-large-font-size\">Kes\u00e4m\u00f6kin katon maalaus<\/h2>\n\n\n\n<p class=\"is-style-default\">Huolsimme kes\u00e4m\u00f6kin peltikaton poistamalla vanhan maalin ja maalaamalla pinnan uudelleen s\u00e4\u00e4nkest\u00e4v\u00e4ll\u00e4 maalilla. Lopputulos suojaa kattoa vuosiksi eteenp\u00e4in ja raikasti koko rakennuksen ilmeen.<\/p>\n<\/div>\n<\/div>\n\n\n\n<hr class=\"wp-block-separator has-alpha-channel-opacity is-style-dots\" style=\"margin-top:var(--wp--preset--spacing--50);margin-bottom:var(--wp--preset--spacing--50)\"\/>\n\n\n\n<div class=\"wp-block-columns alignwide is-layout-flex wp-container-core-columns-is-layout-d76c625d wp-block-columns-is-layout-flex\">\n<div class=\"wp-block-column is-layout-flow wp-block-column-is-layout-flow\" style=\"flex-basis:50%\">\n<figure data-wp-context=\"{&quot;imageId&quot;:&quot;69f3ae7abd232&quot;}\" data-wp-interactive=\"core\/image\" data-wp-key=\"69f3ae7abd232\" class=\"wp-block-image size-large wp-lightbox-container\"><img loading=\"lazy\" decoding=\"async\" width=\"1024\" height=\"682\" data-wp-class--hide=\"state.isContentHidden\" data-wp-class--show=\"state.isContentVisible\" data-wp-init=\"callbacks.setButtonStyles\" data-wp-on--click=\"actions.showLightbox\" data-wp-on--load=\"callbacks.setButtonStyles\" data-wp-on-window--resize=\"callbacks.setButtonStyles\" src=\"https:\/\/blocksmith.luuptek.fi\/remonttifirma-demo\/wp-content\/uploads\/sites\/3\/2025\/09\/roof2-1024x682.webp\" alt=\"\" class=\"wp-image-30\" style=\"aspect-ratio:16\/9;object-fit:cover\" srcset=\"https:\/\/blocksmith.luuptek.fi\/remonttifirma-demo\/wp-content\/uploads\/sites\/3\/2025\/09\/roof2-1024x682.webp 1024w, https:\/\/blocksmith.luuptek.fi\/remonttifirma-demo\/wp-content\/uploads\/sites\/3\/2025\/09\/roof2-300x200.webp 300w, https:\/\/blocksmith.luuptek.fi\/remonttifirma-demo\/wp-content\/uploads\/sites\/3\/2025\/09\/roof2-768x511.webp 768w, https:\/\/blocksmith.luuptek.fi\/remonttifirma-demo\/wp-content\/uploads\/sites\/3\/2025\/09\/roof2-1536x1022.webp 1536w, https:\/\/blocksmith.luuptek.fi\/remonttifirma-demo\/wp-content\/uploads\/sites\/3\/2025\/09\/roof2.webp 1920w\" sizes=\"auto, (max-width: 1024px) 100vw, 1024px\" \/><button\n\t\t\tclass=\"lightbox-trigger\"\n\t\t\ttype=\"button\"\n\t\t\taria-haspopup=\"dialog\"\n\t\t\taria-label=\"Suurenna\"\n\t\t\tdata-wp-init=\"callbacks.initTriggerButton\"\n\t\t\tdata-wp-on--click=\"actions.showLightbox\"\n\t\t\tdata-wp-style--right=\"state.imageButtonRight\"\n\t\t\tdata-wp-style--top=\"state.imageButtonTop\"\n\t\t>\n\t\t\t<svg xmlns=\"http:\/\/www.w3.org\/2000\/svg\" width=\"12\" height=\"12\" fill=\"none\" viewBox=\"0 0 12 12\">\n\t\t\t\t<path fill=\"#fff\" d=\"M2 0a2 2 0 0 0-2 2v2h1.5V2a.5.5 0 0 1 .5-.5h2V0H2Zm2 10.5H2a.5.5 0 0 1-.5-.5V8H0v2a2 2 0 0 0 2 2h2v-1.5ZM8 12v-1.5h2a.5.5 0 0 0 .5-.5V8H12v2a2 2 0 0 1-2 2H8Zm2-12a2 2 0 0 1 2 2v2h-1.5V2a.5.5 0 0 0-.5-.5H8V0h2Z\" \/>\n\t\t\t<\/svg>\n\t\t<\/button><\/figure>\n<\/div>\n\n\n\n<div class=\"wp-block-column is-layout-flow wp-block-column-is-layout-flow\" style=\"flex-basis:50%\">\n<div class=\"wp-block-group has-x-small-font-size is-nowrap is-layout-flex wp-container-core-group-is-layout-6c531013 wp-block-group-is-layout-flex\">\n<p class=\"has-accent-2-background-color has-background\" style=\"border-radius:5px;padding-top:var(--wp--preset--spacing--10);padding-right:var(--wp--preset--spacing--20);padding-bottom:var(--wp--preset--spacing--10);padding-left:var(--wp--preset--spacing--20);font-style:normal;font-weight:700\">2022<\/p>\n\n\n\n<p class=\"has-accent-2-background-color has-background\" style=\"border-radius:5px;padding-top:var(--wp--preset--spacing--10);padding-right:var(--wp--preset--spacing--20);padding-bottom:var(--wp--preset--spacing--10);padding-left:var(--wp--preset--spacing--20);font-style:normal;font-weight:700\">Katon pesu<\/p>\n<\/div>\n\n\n\n<h2 class=\"wp-block-heading has-x-large-font-size\">Tiilikaton pesu ja suojaus<\/h2>\n\n\n\n<p class=\"is-style-default\">Pesimme ja sammalsuojak\u00e4sittelimme omakotitalon tiilikaton. Ty\u00f6 palautti katon alkuper\u00e4isen v\u00e4rin ja pident\u00e4\u00e4 sen k\u00e4ytt\u00f6ik\u00e4\u00e4 huomattavasti.<\/p>\n<\/div>\n<\/div>\n<\/div>\n","protected":false},"excerpt":{"rendered":"<p>Referenssit Tutustu esimerkkeihin projekteista, joissa olemme toteuttaneet laadukkaita kattoremontteja ja huoltot\u00f6it\u00e4 ymp\u00e4ri Suomen. 2024 Kattoremontti Lasikatto uudiskohteeseen Toteutimme modernin lasikatteen rivitalokohteeseen. Projekti sis\u00e4lsi rungon rakentamisen, eristykset ja katon vesieristyksen. Asiakas sai energiatehokkaan ja n\u00e4ytt\u00e4v\u00e4n ratkaisun. 2023 Huoltomaalaus Kes\u00e4m\u00f6kin katon maalaus Huolsimme kes\u00e4m\u00f6kin peltikaton poistamalla vanhan maalin ja maalaamalla pinnan uudelleen s\u00e4\u00e4nkest\u00e4v\u00e4ll\u00e4 maalilla. Lopputulos suojaa kattoa&#8230;<\/p>\n","protected":false},"author":1,"featured_media":0,"parent":0,"menu_order":0,"comment_status":"closed","ping_status":"closed","template":"","meta":{"footnotes":""},"class_list":["post-42","page","type-page","status-publish","hentry"],"_links":{"self":[{"href":"https:\/\/blocksmith.luuptek.fi\/remonttifirma-demo\/wp-json\/wp\/v2\/pages\/42","targetHints":{"allow":["GET"]}}],"collection":[{"href":"https:\/\/blocksmith.luuptek.fi\/remonttifirma-demo\/wp-json\/wp\/v2\/pages"}],"about":[{"href":"https:\/\/blocksmith.luuptek.fi\/remonttifirma-demo\/wp-json\/wp\/v2\/types\/page"}],"author":[{"embeddable":true,"href":"https:\/\/blocksmith.luuptek.fi\/remonttifirma-demo\/wp-json\/wp\/v2\/users\/1"}],"replies":[{"embeddable":true,"href":"https:\/\/blocksmith.luuptek.fi\/remonttifirma-demo\/wp-json\/wp\/v2\/comments?post=42"}],"version-history":[{"count":8,"href":"https:\/\/blocksmith.luuptek.fi\/remonttifirma-demo\/wp-json\/wp\/v2\/pages\/42\/revisions"}],"predecessor-version":[{"id":101,"href":"https:\/\/blocksmith.luuptek.fi\/remonttifirma-demo\/wp-json\/wp\/v2\/pages\/42\/revisions\/101"}],"wp:attachment":[{"href":"https:\/\/blocksmith.luuptek.fi\/remonttifirma-demo\/wp-json\/wp\/v2\/media?parent=42"}],"curies":[{"name":"wp","href":"https:\/\/api.w.org\/{rel}","templated":true}]}}