{"id":59,"date":"2025-09-02T12:33:42","date_gmt":"2025-09-02T09:33:42","guid":{"rendered":"https:\/\/blocksmith.luuptek.fi\/remonttifirma-demo\/?page_id=59"},"modified":"2025-09-05T13:42:23","modified_gmt":"2025-09-05T10:42:23","slug":"kattoremontti","status":"publish","type":"page","link":"https:\/\/blocksmith.luuptek.fi\/remonttifirma-demo\/palvelut\/kattoremontti\/","title":{"rendered":"Kattoremontti"},"content":{"rendered":"\n<div class=\"wp-block-group alignwide has-base-background-color has-background has-global-padding is-content-justification-center is-layout-constrained wp-block-group-is-layout-constrained\" style=\"border-radius:10px;margin-top:var(--wp--preset--spacing--50);margin-bottom:var(--wp--preset--spacing--50);padding-bottom:var(--wp--preset--spacing--50)\">\n<div class=\"wp-block-group alignwide has-global-padding is-layout-constrained wp-block-group-is-layout-constrained\">\n<div class=\"wp-block-group alignwide has-global-padding is-layout-constrained wp-container-core-group-is-layout-92b9201d wp-block-group-is-layout-constrained\">\n<div class=\"wp-block-group alignwide has-global-padding is-layout-constrained wp-block-group-is-layout-constrained\">\n<figure class=\"wp-block-image alignfull size-large\"><img loading=\"lazy\" decoding=\"async\" width=\"1024\" height=\"682\" src=\"https:\/\/blocksmith.luuptek.fi\/remonttifirma-demo\/wp-content\/uploads\/sites\/3\/2025\/09\/roof2-1024x682.webp\" alt=\"\" class=\"wp-image-30\" srcset=\"https:\/\/blocksmith.luuptek.fi\/remonttifirma-demo\/wp-content\/uploads\/sites\/3\/2025\/09\/roof2-1024x682.webp 1024w, https:\/\/blocksmith.luuptek.fi\/remonttifirma-demo\/wp-content\/uploads\/sites\/3\/2025\/09\/roof2-300x200.webp 300w, https:\/\/blocksmith.luuptek.fi\/remonttifirma-demo\/wp-content\/uploads\/sites\/3\/2025\/09\/roof2-768x511.webp 768w, https:\/\/blocksmith.luuptek.fi\/remonttifirma-demo\/wp-content\/uploads\/sites\/3\/2025\/09\/roof2-1536x1022.webp 1536w, https:\/\/blocksmith.luuptek.fi\/remonttifirma-demo\/wp-content\/uploads\/sites\/3\/2025\/09\/roof2.webp 1920w\" sizes=\"auto, (max-width: 1024px) 100vw, 1024px\" \/><\/figure>\n<\/div>\n\n\n\n<div class=\"wp-block-group is-layout-grid wp-container-core-group-is-layout-2b54756c wp-block-group-is-layout-grid\" style=\"margin-top:var(--wp--preset--spacing--50)\">\n<div class=\"wp-block-group has-global-padding is-layout-constrained wp-block-group-is-layout-constrained\">\n<h1 class=\"wp-block-heading has-3-x-large-font-size\">Kattoremontti<\/h1>\n\n\n\n<p>Kattoremontti varmistaa kotisi turvallisuuden ja arvon s\u00e4ilymisen. Uusimme kattorakenteet ja materiaalit kest\u00e4v\u00e4sti ja ammattitaidolla, jotta katto suojaa kotiasi s\u00e4\u00e4lt\u00e4 vuosikymmeni\u00e4 eteenp\u00e4in. Toteutamme remontit avaimet k\u00e4teen -periaatteella, aina vanhan katon purkamisesta uuteen, viimeisteltyyn lopputulokseen asti.<\/p>\n\n\n\n<div class=\"wp-block-buttons is-layout-flex wp-block-buttons-is-layout-flex\">\n<div class=\"wp-block-button\"><a class=\"wp-block-button__link wp-element-button\" href=\"https:\/\/blocksmith.luuptek.fi\/remonttifirma-demo\/ota-yhteytta\/\">Pyyd\u00e4 tarjous<\/a><\/div>\n\n\n\n<div class=\"wp-block-button\"><a class=\"wp-block-button__link wp-element-button\" href=\"https:\/\/blocksmith.luuptek.fi\/remonttifirma-demo\/referenssit\/\">Katso referenssit<\/a><\/div>\n<\/div>\n<\/div>\n\n\n\n<div class=\"wp-block-group has-global-padding is-layout-constrained wp-block-group-is-layout-constrained\">\n<div class=\"wp-block-group is-horizontal is-layout-flex wp-block-group-is-layout-flex\">\n<div class=\"wp-block-group has-base-color has-contrast-3-background-color has-text-color has-background has-link-color wp-elements-34fee5bc05bd6d85afebebf5df68ed91 has-global-padding is-layout-constrained wp-container-core-group-is-layout-c385debf wp-block-group-is-layout-constrained\" style=\"padding-top:var(--wp--preset--spacing--20);padding-right:var(--wp--preset--spacing--20);padding-bottom:var(--wp--preset--spacing--20);padding-left:var(--wp--preset--spacing--20);font-style:normal;font-weight:700\">\n<h2 class=\"wp-block-heading has-medium-font-size\">Palvelun hy\u00f6dyt<\/h2>\n<\/div>\n<\/div>\n\n\n\n<div class=\"wp-block-group has-accent-2-background-color has-background has-global-padding is-layout-constrained wp-container-core-group-is-layout-f3270549 wp-block-group-is-layout-constrained\" style=\"margin-top:0;padding-top:var(--wp--preset--spacing--20);padding-right:var(--wp--preset--spacing--20);padding-bottom:var(--wp--preset--spacing--20);padding-left:var(--wp--preset--spacing--20)\">\n<ul class=\"wp-block-list is-style-checkmark-list\">\n<li>Turvallinen ja kest\u00e4v\u00e4 ratkaisu kotisi suojaksi<\/li>\n\n\n\n<li>Laadukkaat materiaalit ja takuuvarma ty\u00f6nj\u00e4lki<\/li>\n\n\n\n<li>Parantaa kiinteist\u00f6n arvoa<\/li>\n\n\n\n<li>Remontti avaimet k\u00e4teen -periaatteella<\/li>\n\n\n\n<li>Yli 20 vuoden kokemus kattot\u00f6ist\u00e4<\/li>\n<\/ul>\n<\/div>\n<\/div>\n<\/div>\n<\/div>\n<\/div>\n<\/div>\n","protected":false},"excerpt":{"rendered":"<p>Kattoremontti Kattoremontti varmistaa kotisi turvallisuuden ja arvon s\u00e4ilymisen. Uusimme kattorakenteet ja materiaalit kest\u00e4v\u00e4sti ja ammattitaidolla, jotta katto suojaa kotiasi s\u00e4\u00e4lt\u00e4 vuosikymmeni\u00e4 eteenp\u00e4in. Toteutamme remontit avaimet k\u00e4teen -periaatteella, aina vanhan katon purkamisesta uuteen, viimeisteltyyn lopputulokseen asti. Palvelun hy\u00f6dyt<\/p>\n","protected":false},"author":1,"featured_media":0,"parent":40,"menu_order":0,"comment_status":"closed","ping_status":"closed","template":"","meta":{"footnotes":""},"class_list":["post-59","page","type-page","status-publish","hentry"],"_links":{"self":[{"href":"https:\/\/blocksmith.luuptek.fi\/remonttifirma-demo\/wp-json\/wp\/v2\/pages\/59","targetHints":{"allow":["GET"]}}],"collection":[{"href":"https:\/\/blocksmith.luuptek.fi\/remonttifirma-demo\/wp-json\/wp\/v2\/pages"}],"about":[{"href":"https:\/\/blocksmith.luuptek.fi\/remonttifirma-demo\/wp-json\/wp\/v2\/types\/page"}],"author":[{"embeddable":true,"href":"https:\/\/blocksmith.luuptek.fi\/remonttifirma-demo\/wp-json\/wp\/v2\/users\/1"}],"replies":[{"embeddable":true,"href":"https:\/\/blocksmith.luuptek.fi\/remonttifirma-demo\/wp-json\/wp\/v2\/comments?post=59"}],"version-history":[{"count":3,"href":"https:\/\/blocksmith.luuptek.fi\/remonttifirma-demo\/wp-json\/wp\/v2\/pages\/59\/revisions"}],"predecessor-version":[{"id":96,"href":"https:\/\/blocksmith.luuptek.fi\/remonttifirma-demo\/wp-json\/wp\/v2\/pages\/59\/revisions\/96"}],"up":[{"embeddable":true,"href":"https:\/\/blocksmith.luuptek.fi\/remonttifirma-demo\/wp-json\/wp\/v2\/pages\/40"}],"wp:attachment":[{"href":"https:\/\/blocksmith.luuptek.fi\/remonttifirma-demo\/wp-json\/wp\/v2\/media?parent=59"}],"curies":[{"name":"wp","href":"https:\/\/api.w.org\/{rel}","templated":true}]}}