{"id":61,"date":"2025-09-02T12:34:04","date_gmt":"2025-09-02T09:34:04","guid":{"rendered":"https:\/\/blocksmith.luuptek.fi\/remonttifirma-demo\/?page_id=61"},"modified":"2025-09-05T13:42:43","modified_gmt":"2025-09-05T10:42:43","slug":"katon-pesu","status":"publish","type":"page","link":"https:\/\/blocksmith.luuptek.fi\/remonttifirma-demo\/palvelut\/katon-pesu\/","title":{"rendered":"Katon pesu"},"content":{"rendered":"\n<div class=\"wp-block-group alignwide has-base-background-color has-background has-global-padding is-content-justification-center is-layout-constrained wp-block-group-is-layout-constrained\" style=\"border-radius:10px;margin-top:var(--wp--preset--spacing--50);margin-bottom:var(--wp--preset--spacing--50);padding-bottom:var(--wp--preset--spacing--50)\">\n<div class=\"wp-block-group alignwide has-global-padding is-layout-constrained wp-block-group-is-layout-constrained\">\n<div class=\"wp-block-group alignwide has-global-padding is-layout-constrained wp-container-core-group-is-layout-92b9201d wp-block-group-is-layout-constrained\">\n<div class=\"wp-block-group alignwide has-global-padding is-layout-constrained wp-block-group-is-layout-constrained\">\n<figure class=\"wp-block-image alignfull size-large\"><img decoding=\"async\" src=\"https:\/\/blocksmith.luuptek.fi\/remonttifirma-demo\/wp-content\/uploads\/sites\/3\/2025\/09\/cottage-1024x678.webp\" alt=\"Katon pesu\" class=\"wp-image-102\"\/><\/figure>\n<\/div>\n\n\n\n<div class=\"wp-block-group is-layout-grid wp-container-core-group-is-layout-2b54756c wp-block-group-is-layout-grid\" style=\"margin-top:var(--wp--preset--spacing--50)\">\n<div class=\"wp-block-group has-global-padding is-layout-constrained wp-block-group-is-layout-constrained\">\n<h1 class=\"wp-block-heading has-3-x-large-font-size\">Katon pesu<\/h1>\n\n\n\n<p>Katon pesu palauttaa katon alkuper\u00e4isen ulkon\u00e4\u00f6n ja suojaa sit\u00e4 vaurioilta. Puhdistus poistaa sammaleen, lian ja muut ep\u00e4puhtaudet, jotka kuluttavat pintaa ja heikent\u00e4v\u00e4t katon k\u00e4ytt\u00f6ik\u00e4\u00e4. K\u00e4yt\u00e4mme tehokkaita mutta katolle turvallisia menetelmi\u00e4, jotka varmistavat pitk\u00e4aikaisen lopputuloksen.<\/p>\n\n\n\n<div class=\"wp-block-buttons is-layout-flex wp-block-buttons-is-layout-flex\">\n<div class=\"wp-block-button\"><a class=\"wp-block-button__link wp-element-button\" href=\"https:\/\/blocksmith.luuptek.fi\/remonttifirma-demo\/ota-yhteytta\/\">Pyyd\u00e4 tarjous<\/a><\/div>\n\n\n\n<div class=\"wp-block-button\"><a class=\"wp-block-button__link wp-element-button\" href=\"https:\/\/blocksmith.luuptek.fi\/remonttifirma-demo\/referenssit\/\">Katso referenssit<\/a><\/div>\n<\/div>\n<\/div>\n\n\n\n<div class=\"wp-block-group has-global-padding is-layout-constrained wp-block-group-is-layout-constrained\">\n<div class=\"wp-block-group is-horizontal is-layout-flex wp-block-group-is-layout-flex\">\n<div class=\"wp-block-group has-base-color has-contrast-3-background-color has-text-color has-background has-link-color wp-elements-34fee5bc05bd6d85afebebf5df68ed91 has-global-padding is-layout-constrained wp-container-core-group-is-layout-c385debf wp-block-group-is-layout-constrained\" style=\"padding-top:var(--wp--preset--spacing--20);padding-right:var(--wp--preset--spacing--20);padding-bottom:var(--wp--preset--spacing--20);padding-left:var(--wp--preset--spacing--20);font-style:normal;font-weight:700\">\n<h2 class=\"wp-block-heading has-medium-font-size\">Palvelun hy\u00f6dyt<\/h2>\n<\/div>\n<\/div>\n\n\n\n<div class=\"wp-block-group has-accent-2-background-color has-background has-global-padding is-layout-constrained wp-container-core-group-is-layout-f3270549 wp-block-group-is-layout-constrained\" style=\"margin-top:0;padding-top:var(--wp--preset--spacing--20);padding-right:var(--wp--preset--spacing--20);padding-bottom:var(--wp--preset--spacing--20);padding-left:var(--wp--preset--spacing--20)\">\n<ul class=\"wp-block-list is-style-checkmark-list\">\n<li>Poistaa sammaleen, lian ja ep\u00e4puhtaudet<\/li>\n\n\n\n<li>Palauttaa katon alkuper\u00e4isen ulkon\u00e4\u00f6n<\/li>\n\n\n\n<li>Pident\u00e4\u00e4 katon k\u00e4ytt\u00f6ik\u00e4\u00e4<\/li>\n\n\n\n<li>Turvalliset ja tehokkaat pesumenetelm\u00e4t<\/li>\n\n\n\n<li>Edullinen vaihtoehto ennen kattomaalausta<\/li>\n<\/ul>\n<\/div>\n<\/div>\n<\/div>\n<\/div>\n<\/div>\n<\/div>\n","protected":false},"excerpt":{"rendered":"<p>Katon pesu Katon pesu palauttaa katon alkuper\u00e4isen ulkon\u00e4\u00f6n ja suojaa sit\u00e4 vaurioilta. Puhdistus poistaa sammaleen, lian ja muut ep\u00e4puhtaudet, jotka kuluttavat pintaa ja heikent\u00e4v\u00e4t katon k\u00e4ytt\u00f6ik\u00e4\u00e4. K\u00e4yt\u00e4mme tehokkaita mutta katolle turvallisia menetelmi\u00e4, jotka varmistavat pitk\u00e4aikaisen lopputuloksen. Palvelun hy\u00f6dyt<\/p>\n","protected":false},"author":1,"featured_media":0,"parent":40,"menu_order":0,"comment_status":"closed","ping_status":"closed","template":"","meta":{"footnotes":""},"class_list":["post-61","page","type-page","status-publish","hentry"],"_links":{"self":[{"href":"https:\/\/blocksmith.luuptek.fi\/remonttifirma-demo\/wp-json\/wp\/v2\/pages\/61","targetHints":{"allow":["GET"]}}],"collection":[{"href":"https:\/\/blocksmith.luuptek.fi\/remonttifirma-demo\/wp-json\/wp\/v2\/pages"}],"about":[{"href":"https:\/\/blocksmith.luuptek.fi\/remonttifirma-demo\/wp-json\/wp\/v2\/types\/page"}],"author":[{"embeddable":true,"href":"https:\/\/blocksmith.luuptek.fi\/remonttifirma-demo\/wp-json\/wp\/v2\/users\/1"}],"replies":[{"embeddable":true,"href":"https:\/\/blocksmith.luuptek.fi\/remonttifirma-demo\/wp-json\/wp\/v2\/comments?post=61"}],"version-history":[{"count":2,"href":"https:\/\/blocksmith.luuptek.fi\/remonttifirma-demo\/wp-json\/wp\/v2\/pages\/61\/revisions"}],"predecessor-version":[{"id":97,"href":"https:\/\/blocksmith.luuptek.fi\/remonttifirma-demo\/wp-json\/wp\/v2\/pages\/61\/revisions\/97"}],"up":[{"embeddable":true,"href":"https:\/\/blocksmith.luuptek.fi\/remonttifirma-demo\/wp-json\/wp\/v2\/pages\/40"}],"wp:attachment":[{"href":"https:\/\/blocksmith.luuptek.fi\/remonttifirma-demo\/wp-json\/wp\/v2\/media?parent=61"}],"curies":[{"name":"wp","href":"https:\/\/api.w.org\/{rel}","templated":true}]}}